{"id":1024,"date":"2023-02-08T10:37:15","date_gmt":"2023-02-08T10:37:15","guid":{"rendered":"https:\/\/oscarcuencaroca.com\/?page_id=1024"},"modified":"2023-02-08T10:46:29","modified_gmt":"2023-02-08T10:46:29","slug":"cookies","status":"publish","type":"page","link":"https:\/\/oscarcuencaroca.com\/index.php\/cookies\/","title":{"rendered":"Cookies"},"content":{"rendered":"<p><strong>COOKIES<\/strong><\/p>\n<p>&nbsp;<\/p>\n<ol>\n<li>a) Utilizaci\u00f3n de Cookies por esta aplicaci\u00f3n<\/li>\n<\/ol>\n<p>Las aplicaciones Oscarcuencaroca.com creada por Oscarcuencaroca.com, ya sean webs o Apps (en adelante LAS APLICACIONES) utilizan Cookies, y otros mecanismos similares (en adelante, Cookies). Las Cookies son ficheros enviados a un navegador o dispositivo por medio de un servidor web cuya finalidad es la de facilitar al Usuario un acceso m\u00e1s r\u00e1pido a los servicios ofrecidos por las Aplicaciones (en adelante, Servicios), garantizando el correcto funcionamiento de los mismos.<\/p>\n<p>Las APLICACIONES utilizan Cookies para personalizar y facilitar al m\u00e1ximo la navegaci\u00f3n del Usuario por cada una de las funcionalidades ofrecidas. Las Cookies utilizadas por las APLICACIONES se asocian a un Usuario an\u00f3nimo o a una cuenta de Usuario, en caso de que el Usuario est\u00e9 registrado en los Servicios ofrecidos.<\/p>\n<p>&nbsp;<\/p>\n<p>El Usuario podr\u00eda configurar su navegador para que notifique y rechace la instalaci\u00f3n de las Cookies enviadas por las APLICACIONES, pero deshabilitar las Cookies en su navegador puede provocar que las funcionalidades y Servicios ofrecidos por las APLICACIONES se encuentren limitados y la calidad de funcionamiento pueda disminuir hasta el punto de impedir su uso. Las cookies utilizadas cuando accede a las APLICACIONES mediante las aplicaciones nativas (Android o IOS) puestas a disposici\u00f3n en los markets Google Play y Apple Store, son necesariamente aceptadas por el Usuario en el momento de su descarga e instalaci\u00f3n.<\/p>\n<p>&nbsp;<\/p>\n<ol>\n<li>b) Tipolog\u00eda, finalidad y funcionamiento de las Cookies<\/li>\n<\/ol>\n<p>En funci\u00f3n de qui\u00e9n gestiona el equipo o dominio desde las que se env\u00edan, las Cookies pueden dividirse en Cookies propias (gestionados por oscarcuencaroca.com.) o Cookies de terceros (gestionados por terceras entidades que tratan los datos obtenidos a trav\u00e9s de \u00e9stas). Salvo las Cookies anal\u00edticas y las Cookies de registro de redes sociales, el resto de Cookies utilizadas a las que se refiere la presente Pol\u00edtica son Cookies propias.<\/p>\n<p>COOKIES PROPIAS\u2022<\/p>\n<p>Cookies de personalizaci\u00f3n: este tipo de Cookie recuerda sus preferencias, para las herramientas que se encuentran en los Servicios, por lo que no tiene que volver a configurar el Servicio cada vez que usted accede a las APLICACIONES. Estas cookies se utilizan mientras existe una sesi\u00f3n iniciada en las APLICACIONES o se utiliza una funcionalidad en particular. Este tipo de cookies tiene las siguientes finalidades:<\/p>\n<p>&nbsp;<\/p>\n<p>Identificaci\u00f3n del idioma del navegador para mostrar los contenidos en el lenguaje correcto;\u2022Ajustes de volumen de emisi\u00f3n de sonidos;<\/p>\n<p>Tipo y tama\u00f1o de fuente utilizada en las APLICACIONES;<\/p>\n<p>Almacenamiento de los canales favoritos del Usuario;<\/p>\n<p>Identificaci\u00f3n de la versi\u00f3n del servicio que permite controlar las actualizaciones necesarias de las diferentes funcionalidades.<\/p>\n<p>Este tipo de cookies se puede suprimir si el Usuario pulsa sobre la opci\u00f3n \u201ccerrar sesi\u00f3n\u201d. Si se suprime este tipo de cookies, el Servicio podr\u00eda dejar de funcionar de forma \u00f3ptima.<\/p>\n<ul>\n<li>Cookies de registro: las Cookies de registro se generan una vez que el Usuario se ha registrado o posteriormente ha abierto su sesi\u00f3n. Estas cookies se utilizan mientras existe una sesi\u00f3n iniciada en las APLICACIONES y se utilizan para identificar al Usuario en los Servicios con las siguientes finalidades:<\/li>\n<\/ul>\n<p>&nbsp;<\/p>\n<p>Mantener al Usuario identificado de forma que, si cierra un Servicio, el navegador o el dispositivo, la pr\u00f3xima vez que vuelva a entrar en dicho Servicio, seguir\u00e1 identificado, facilitando as\u00ed su navegaci\u00f3n.<\/p>\n<p>Comprobar si el Usuario est\u00e1 autorizado para acceder a ciertos Servicios, por ejemplo, para acceder a un canal o conjunto de canales y participar de una conversaci\u00f3n con un colectivo.<\/p>\n<p>Este tipo de cookies se puede suprimir si el Usuario pulsa sobre la opci\u00f3n \u201ccerrar sesi\u00f3n\u201d desde los ajustes de las APLICACIONES. Una vez suprimida, cuando el Usuario acceda nuevamente al Servicio tendr\u00e1 que iniciar sesi\u00f3n nuevamente.<\/p>\n<p><strong>COOKIES DE TERCEROS\u2022<\/strong><\/p>\n<p>Cookies de registro de Facebook: cuando el Usuario se registra en un Servicio con credenciales de Facebook, autoriza a \u00e9sta a guardar una Cookie persistente que recuerda su identidad y le garantiza acceso a los Servicios hasta que expira. El Usuario puede borrar esta Cookie y revocar el acceso a los Servicios mediante Facebook actualizando sus preferencias en dicha red social, pero esto puede conllevar la perdida de acceso al Servicio o conjunto de Servicios relacionados ofrecidos por las<\/p>\n<p>&nbsp;<\/p>\n<p>Para m\u00e1s informaci\u00f3n, consulte https:\/\/es-es.facebook.com\/help\/cookies\/.<\/p>\n<p>Cookies de an\u00e1lisis: son aquellas que nos permiten cuantificar el n\u00famero de usuarios y as\u00ed realizar la medici\u00f3n y an\u00e1lisis estad\u00edstico de la utilizaci\u00f3n que hacen los Usuarios de las APLICACIONES. Para ello se analiza su uso de las APLICACIONES con el fin de introducir mejoras en su funcionamiento y\/o mejorar la oferta de productos o servicios. El origen de estas cookies es Google.<\/p>\n<p>Cada vez que un Usuario accede a las APLICACIONES, una herramienta de un proveedor externo (Google) genera Cookies anal\u00edticas en el dispositivo del Usuario. Estas Cookies que s\u00f3lo se generan cuando el Usuario realiza una acci\u00f3n, tienen car\u00e1cter permanente y servir\u00e1n en pr\u00f3ximos accesos a las APLICACIONES para identificar de forma an\u00f3nima al visitante. T\u00e9ngase en cuenta que las cookies permanentes expiran cuando se cumple el objetivo para el que sirven o bien cuando se borran manualmente.<\/p>\n<p>&nbsp;<\/p>\n<p>En particular, las Cookies anal\u00edticas utilizadas en las APLICACIONES son: TIPO NOMBRE DESCRIPCI\u00d3NFINALIDADES M\u00c1S INFORMACI\u00d3N<\/p>\n<p>&nbsp;<\/p>\n<p>Cookies de an\u00e1lisis (Google Analytics)__utmaSe usa para distinguir usuarios y sesiones. La cookie se crea cuando se ejecuta la biblioteca JavaScript y no hay ninguna cookie __utma. La cookie se actualiza cada vez que se env\u00edan datos a Google Analytics<\/p>\n<p>&nbsp;<\/p>\n<p>Permitir la identificaci\u00f3n an\u00f3nima de los Usuarios navegantes a trav\u00e9s de la \u201cCookie\u201d (identifica navegadores y dispositivos, no personas) y por lo tanto la contabilizaci\u00f3n aproximada del n\u00famero de visitantes y su tendencia en el tiempo.<\/p>\n<p>Identificar de forma an\u00f3nima los contenidos m\u00e1s visitados y por lo tanto m\u00e1s atractivos para los Usuarios\u2022 Saber si el Usuario que est\u00e1 accediendo es nuevo o repite visita. __utmzAlmacena la fuente de tr\u00e1fico o la campa\u00f1a que explica c\u00f3mo ha llegado el usuario al sitio. La cookie se crea cuando se ejecuta la biblioteca JavaScript y se actualiza cada vez que se env\u00edan datos a Google Analytics.<\/p>\n<p>https:\/\/developers.google.com\/analytics\/devguides\/collection\/analyticsjs\/cookie-usage?hl=es<\/p>\n<p>__gaSe usa para distinguir a los usuarios.<\/p>\n<p>&nbsp;<\/p>\n<p>Estas cookies se pueden suprimir; las APLICACIONES seguir\u00e1n funcionando de forma \u00f3ptima y los Servicios no se ver\u00e1n afectados. M\u00e1s informaci\u00f3n sobre la pol\u00edtica de privacidad de Google Analytics en https:\/\/www.google.com\/intl\/es\/policies\/<\/p>\n<p>&nbsp;<\/p>\n<ol>\n<li>c) C\u00f3mo deshabilitar las Cookies en los principales navegadores<\/li>\n<\/ol>\n<p>El usuario podr\u00e1 -en cualquier momento- elegir qu\u00e9 cookies quiere que funcionen en las APLICACIONES si accede a ellas a trav\u00e9s de un navegador accediendo al panel de configuraci\u00f3n de su navegador:<\/p>\n<p>Internet Explorer: Herramientas -&gt; Opciones de Internet -&gt; Privacidad -&gt; Configuraci\u00f3n. Para m\u00e1s informaci\u00f3n, puede consultar el soporte de Microsoft o la Ayuda del navegador.<\/p>\n<p>Firefox: Herramientas -&gt; Opciones -&gt; Privacidad -&gt; Historial -&gt; Configuraci\u00f3n Personalizada. Para m\u00e1s informaci\u00f3n, puede consultar el soporte de Mozilla o la Ayuda del navegador.<\/p>\n<p>Chrome: Configuraci\u00f3n -&gt; Mostrar opciones avanzadas -&gt; Privacidad -&gt; Configuraci\u00f3n de contenido. Para m\u00e1s informaci\u00f3n, puede consultar el soporte de Google o la Ayuda del navegador.\u2022Safari: Preferencias -&gt; Seguridad.<\/p>\n<p>Para m\u00e1s informaci\u00f3n, puede consultar el soporte de Apple o la Ayuda del navegador. Para inhabilitar las cookies de an\u00e1lisis de Google Analytics para navegadores visite el siguiente enlace: https:\/\/support.google.com\/analytics\/answer\/181881?hl=esSi el Usuario estuviera accediendo a los Servicios ofrecidos por las APLICACIONES, desde un medio diferente al de un navegador Web, como son las aplicaciones puestas a disposici\u00f3n en los markets Google Play y Apple Store, las cookies no pueden ser deshabilitadas de manera individualizada. Por este motivo, el Usuario que desee deshabilitar las cookies deber\u00e1 desinstalar las aplicaciones nativas y, en consecuencia, dejar\u00e1 de acceder a dichos Servicios.<\/p>\n<ol>\n<li>d) Qu\u00e9 ocurre si se deshabilitan las Cookies<\/li>\n<\/ol>\n<p>Las APLICACIONES necesitan Cookies para poder ofrecer los servicios de registro en la aplicaci\u00f3n, gesti\u00f3n de las preferencias del Usuario en relaci\u00f3n a la tipolog\u00eda de fuente y su tama\u00f1o, posicionar al Usuario en la secci\u00f3n correspondiente y recordarla en posteriores ocasiones una vez cerrada y otro conjunto de Servicios que no podr\u00e1n ser utilizados en caso de deshabilitarlas.<\/p>\n<p><strong>ACTUALIZACIONES Y CAMBIOS EN LA POL\u00cdTICA DE COOKIES<\/strong><\/p>\n<p>Oscarcuencaroca.com puede modificar esta Pol\u00edtica de Cookies en funci\u00f3n de cambios en las Cookies utilizadas en cada momento en las Aplicaciones, as\u00ed como en funci\u00f3n de exigencias legislativas, reglamentarias, o con la finalidad de adaptar dicha pol\u00edtica a las instrucciones dictadas por la Agencia Espa\u00f1ola de Protecci\u00f3n de Datos, por ello se aconseja a los Usuarios que la visiten peri\u00f3dicamente.<\/p>\n<p>Cuando se produzcan cambios significativos en esta Pol\u00edtica de Cookies, se comunicar\u00e1n a los Usuarios para su aceptaci\u00f3n bien mediante la Web oficial de oscarcuencaroca.com, a trav\u00e9s de correo electr\u00f3nico a los Usuarios registrados en los sistemas de Tienda-first.com. o bien trav\u00e9s de cualquier otro procedimiento adecuado seg\u00fan las circunstancias.<\/p>\n<p>Si tiene dudas acerca de esta Pol\u00edtica de Cookies, por favor, cont\u00e1ctenos a nuestro servicio t\u00e9cnico Oscarcuencaroca.com<\/p>\n","protected":false},"excerpt":{"rendered":"<p>COOKIES &nbsp; a) Utilizaci\u00f3n de Cookies por esta aplicaci\u00f3n Las aplicaciones Oscarcuencaroca.com creada por Oscarcuencaroca.com, ya sean webs o Apps (en adelante LAS APLICACIONES) utilizan Cookies, y otros mecanismos similares (en adelante, Cookies). Las Cookies son ficheros enviados a un navegador o dispositivo por medio de un servidor web cuya&hellip;<\/p>\n","protected":false},"author":2,"featured_media":0,"parent":0,"menu_order":0,"comment_status":"closed","ping_status":"closed","template":"","meta":{"content-type":"","om_disable_all_campaigns":false,"_monsterinsights_skip_tracking":false,"_monsterinsights_sitenote_active":false,"_monsterinsights_sitenote_note":"","_monsterinsights_sitenote_category":0,"footnotes":""},"class_list":["post-1024","page","type-page","status-publish","hentry"],"aioseo_notices":[],"_links":{"self":[{"href":"https:\/\/oscarcuencaroca.com\/index.php\/wp-json\/wp\/v2\/pages\/1024","targetHints":{"allow":["GET"]}}],"collection":[{"href":"https:\/\/oscarcuencaroca.com\/index.php\/wp-json\/wp\/v2\/pages"}],"about":[{"href":"https:\/\/oscarcuencaroca.com\/index.php\/wp-json\/wp\/v2\/types\/page"}],"author":[{"embeddable":true,"href":"https:\/\/oscarcuencaroca.com\/index.php\/wp-json\/wp\/v2\/users\/2"}],"replies":[{"embeddable":true,"href":"https:\/\/oscarcuencaroca.com\/index.php\/wp-json\/wp\/v2\/comments?post=1024"}],"version-history":[{"count":1,"href":"https:\/\/oscarcuencaroca.com\/index.php\/wp-json\/wp\/v2\/pages\/1024\/revisions"}],"predecessor-version":[{"id":1025,"href":"https:\/\/oscarcuencaroca.com\/index.php\/wp-json\/wp\/v2\/pages\/1024\/revisions\/1025"}],"wp:attachment":[{"href":"https:\/\/oscarcuencaroca.com\/index.php\/wp-json\/wp\/v2\/media?parent=1024"}],"curies":[{"name":"wp","href":"https:\/\/api.w.org\/{rel}","templated":true}]}}