{"id":524,"date":"2019-04-18T11:20:36","date_gmt":"2019-04-18T11:20:36","guid":{"rendered":"http:\/\/demo.sparklewpthemes.com\/constructionlight\/?page_id=3"},"modified":"2023-02-08T09:51:44","modified_gmt":"2023-02-08T09:51:44","slug":"privacy-policy","status":"publish","type":"page","link":"https:\/\/oscarcuencaroca.com\/index.php\/privacy-policy\/","title":{"rendered":"Politica de Privacidad"},"content":{"rendered":"\n<p><\/p>\n\n\n\n<p><strong>RESPONSABLE<\/strong><br>OSCAR CUENCA ROCA<\/p>\n\n\n\n<p>Finalidad<br>Gestionar el acceso completo a los Servicios, comunicaciones, comerciales o no y actualizaciones de los mismos<br>Legitimaci\u00f3n<br>Consentimiento del interesado\/a.<br>Destinatarios<br>No hay ninguna cesi\u00f3n de datos, excepto Autoridad u \u00d3rgano Nacional o Internacional Registrantes.<br>Derechos<br>Acceder, rectificar y suprimir los datos, as\u00ed como otros derechos, como se explica en la informaci\u00f3n adicional.<br>Informaci\u00f3n adicional<br>Puede consultar la informaci\u00f3n adicional y detallada sobre Protecci\u00f3n de Datos en nuestra p\u00e1gina web<br>\u00bf Desea saber que datos tenemos de usted, o modificar o eliminar alg\u00fan o todos sus datos de nuestra web? escriba al siguiente email y d\u00edganos qu\u00e9 desea y ser\u00e1 un placer proceder con sus instrucciones en:<\/p>\n\n\n\n<p>info@oscarcuencaroca.com<\/p>\n\n\n\n<p>Usted puede solicitar sus datos para ser trasladados a otro responsable de datos. En tal caso se le entregar\u00e1 un archivo en formato CSV o Excel que recopilar\u00e1 los datos disponibles que tenemos de usted.<\/p>\n\n\n\n<p><strong>EDAD M\u00cdNIMA PARA ACCEDER A ESTA WEB<\/strong><br>El acceso a esta web, el registro y las operaciones que aqu\u00ed se pueden hacer, est\u00e1n limitadas a personas mayores de 14 a\u00f1os-<br><strong>\u00bfQU\u00cdEN ES RESPONSABLE DE DATOS EN ESTA WEB ?<\/strong><br>OSCAR CUENCA ROCA cif-52463082J es la encargada del tratamiento de Datos en esta Web.. Cualquier consulta puede dirigirse a esta persona al email ya mencionado info@oscarcuencaroca.com<\/p>\n\n\n\n<p><strong>DELEGADO DE DATOS<\/strong><br>Delegado de Protecci\u00f3n de Datos (DPO): Para contactar con el Delegado de Protecci\u00f3n de Datos de Creamos Tu App, podr\u00e1 escribir a la siguiente direcci\u00f3n: info@oscarcuencaroca.com<\/p>\n\n\n\n<p><strong>PLAZOS DE CONSERAVI\u00d3N DATOS PERSONALES<\/strong><br>Los datos personales proporcionados se conservar\u00e1n y tratar\u00e1n mientras se mantenga la relaci\u00f3n de prestaci\u00f3n de servicios, sin perjuicio de la posibilidad de ejercitar su derecho de supresi\u00f3n, en cuyo caso CreamostuApp bloquear\u00e1 sus datos durante el tiempo que persistan sus obligaciones legales.<br>Los datos personales de las personas interesadas en la recepci\u00f3n de informaci\u00f3n sobre los Servicios se mantendr\u00e1n en el sistema de forma indefinida en tanto el interesado no solicite su supresi\u00f3n.<\/p>\n\n\n\n<p>\u00bf<strong> D\u00d3NDE EST\u00c1N SUS DATOS ?<\/strong><br>Todos los datos que entran, salen y se guardan, incluidos los emails y formularios, est\u00e1n en un servidor gestionado por:<br>Hostinger International Ltd.<br>61 Lordou Vironos Street<br>6023 Larnaca, Cyprus<br>SUS DERECHOS<br>Si usted es residente en UE, tiene nuevos derechos bajo el Reglamento General de Protecci\u00f3n de Datos de la UE (el &#8220;GDPR&#8221;) relacionado con sus Datos Personales. Todos los servicios brindados y relacionados con Oscarcuencaroca.com cumplen con GDPR , a continuaci\u00f3n le relacionamos los puntos importantes sobre sus datos:<br>Derecho de Acseso,<br>\u2022 Derecho de Rectificaci\u00f3n,<br>\u2022 Derecho de Cancelaci\u00f3n,<br>\u2022 Derecho de Oposici\u00f3n<br>Derecho a la transparencia de la informaci\u00f3n,<\/p>\n\n\n\n<p>Derecho de supresi\u00f3n (derecho al olvido),<br>\u2022 Derecho de limitaci\u00f3n,<br>\u2022 Derecho de portabilidad.<br>Posibilidad de retirar el consentimiento: Asimismo, el interesado tiene derecho a retirar en cualquier momento el consentimiento prestado, sin que ello afecte a la licitud del tratamiento basado en el consentimiento prestado en el momento de facilitarnos sus datos.<br>Si desea ejercer alguno de los derechos expuestos, rogamos que nos remita carta con todos sus datos, incluyendo DNI a: OSCAR CUENCA ROCA cif-52463082J. c\/ San Andr\u00e9s 36.1 \u00ba. 03160 Almorad\u00ed- Alicante (Espa\u00f1a), o nos env\u00ede un e-mail info@oscarcuencaroca.com indicando el tipo de derecho que quiere ejercer.<br>Posibilidad de reclamar ante la Autoridad de Control: Creamos Tu App le informa igualmente del derecho que le asiste de presentar una reclamaci\u00f3n ante la Agencia Espa\u00f1ola de Protecci\u00f3n de Datos (www.agpd.es) si considera que el tratamiento no se ajusta a la normativa vigente.<\/p>\n\n\n\n<p><strong>\u00bfCU\u00c1NDO RECOPILAMOS INFORMACI\u00d3N?<\/strong><br>Recopilamos informaci\u00f3n de usted cuando se registra en nuestro sitio o usa nuestra App, hace un pedido, se suscribe a un bolet\u00edn informativo, responde a una encuesta, completa un formulario o ingresa informaci\u00f3n en nuestro sitio.<\/p>\n\n\n\n<p><strong>\u00bfC\u00d3MO USAMOS SU INFORMACI\u00d3N?<\/strong><br>Podemos utilizar la informaci\u00f3n que recopilamos de usted cuando se registra, hace una compra, se registra en nuestro bolet\u00edn informativo, responde a una encuesta o comunicaci\u00f3n de marketing, navega por el sitio web o utiliza otras caracter\u00edsticas del sitio de las siguientes maneras:<br>Para mejorar nuestro sitio web con el fin de brindarle un mejor servicio.<br>Para permitirnos brindarle un mejor servicio al responder a sus solicitudes de servicio al cliente.<br>Para enviar correos electr\u00f3nicos peri\u00f3dicos con respecto a su pedido u otros productos y servicios.<\/p>\n\n\n\n<p><strong>\u00bfC\u00d3MO PROTEGEMOS LA INFORMACI\u00d3N DEL VISITANTE?<\/strong><br>Su informaci\u00f3n privada de pagos (tarjetas de cr\u00e9dito, cuentas bancarias, n\u00fameros de seguro social, finanzas, etc.) no se almacenar\u00e1 en nuestros servidores. Usamos pasarelas de terceros reconocidos como Paypal que se conecta a Entidades Bancarias reconocidas y plataformas como Visa o MasterCart, etc&#8230;<br><strong>QU\u00c9 HACEMOS CUANDO HAY UN FALLO DE SEGURIDAD<\/strong><\/p>\n\n\n\n<p>Nuestro servidor dispone de todos los mecanismos t\u00e9cnicos para detectar y registrar actividad inusual. Estos logs son revisados por personal de mantenimiento del servidor y por algor\u00edtmos. Cuando una actividad de este tipo es detectada, de forma inmediata es comunicada a gerencia de la empresa y a su personal t\u00e9cnico. En caso de fallo de seguridad, el sistema es bloqueado y puesto en mantenimiento para proceder con la revisi\u00f3n, denuncia y puesta en manos de las autoridades pertinentes.<\/p>\n\n\n\n<p>Todo nuestro personal dispone de un contrato de confidencialidad que protege sus datos.<\/p>\n\n\n\n<p><strong>\u00bfUSAMOS COOKIES?<\/strong><\/p>\n\n\n\n<p>S\u00ed.<\/p>\n\n\n\n<p>Las cookies son peque\u00f1os archivos que un sitio o su proveedor de servicios transfiere al disco duro de su computadora a trav\u00e9s de su navegador web (si lo permite) que permite que los sistemas del sitio o del proveedor de servicios reconozcan su navegador y capturen y recuerden cierta informaci\u00f3n. Por ejemplo, usamos cookies para ayudarnos a recordar y procesar los art\u00edculos en su carrito de compras. Tambi\u00e9n se utilizan para ayudarnos a comprender sus preferencias en funci\u00f3n de la actividad del sitio anterior o actual, lo que nos permite brindarle mejores servicios. Tambi\u00e9n utilizamos cookies para ayudarnos a recopilar datos agregados sobre el tr\u00e1fico del sitio y la interacci\u00f3n del sitio para que podamos ofrecer mejores experiencias y herramientas del sitio en el futuro.<\/p>\n\n\n\n<p><strong>DIVULGACI\u00d3N DE TERCEROS<\/strong><\/p>\n\n\n\n<p>No vendemos, comercializamos ni transferimos a terceros su informaci\u00f3n de identificaci\u00f3n personal a menos que le proporcionemos un aviso con anticipaci\u00f3n. Esto no incluye a los socios de alojamiento de sitios web y otras partes que nos ayudan a operar nuestro sitio web, llevar a cabo nuestro negocio o brindarle servicio, siempre y cuando esas partes acuerden mantener esta informaci\u00f3n confidencial. Tambi\u00e9n podemos divulgar su informaci\u00f3n cuando consideremos que la divulgaci\u00f3n es apropiada para cumplir con la ley, hacer cumplir las pol\u00edticas de nuestro sitio o proteger nuestros derechos, propiedad o seguridad. Sin embargo, la informaci\u00f3n de identificaci\u00f3n no personal se puede proporcionar a otras partes para mercadeo, publicidad u otros usos.<\/p>\n\n\n\n<p><strong>ENLACES DE TERCEROS<\/strong><\/p>\n\n\n\n<p>Ocasionalmente, a nuestro criterio, podemos incluir u ofrecer productos o servicios de terceros en nuestro sitio web. Estos sitios de terceros tienen pol\u00edticas de privacidad separadas e independientes. Nosotros, por lo tanto, no tenemos ninguna responsabilidad por el contenido y las actividades de estos sitios vinculados. No obstante, buscamos proteger la integridad de nuestro sitio y agradecemos cualquier comentario sobre estos sitios.<\/p>\n\n\n\n<p><strong>CUMPLIMIENTO DE LA LEY DE PROTECCI\u00d3N DE LA PRIVACIDAD ONLINE<\/strong><\/p>\n\n\n\n<p>Debido a que valoramos su privacidad, hemos tomado las precauciones necesarias para cumplir con la Ley de protecci\u00f3n de la privacidad en l\u00ednea de UE. Nosotros, por lo tanto, no distribuiremos su informaci\u00f3n personal a terceros sin su consentimiento.<\/p>\n\n\n\n<p><strong>CONSENTIMIENTO<\/strong><\/p>\n\n\n\n<p>Al usar este Sitio, usted debe aceptar nuestra Pol\u00edtica de privacidad de forma expresa, en cada caso, ejemplo, formularios. cookies, emails, etc&#8230; El simple hecho de navegar por nuestra web, no presupone que usted acepta o que nosotros podemos usar sus datos sin \u00e9ste consentimiento expreso. Por ese motivo le agradecemos tome tiempo para leer bien todo nuestro t\u00e9xto.<\/p>\n\n\n\n<p><strong>QU\u00c9 INFORMACI\u00d3N RECOPILAMOS<\/strong><\/p>\n\n\n\n<p>Como parte de nuestros servicios, recopilamos cierta informaci\u00f3n personal y tambi\u00e9n utilizamos servicios de terceros (que cumplen con GDPR) para los siguientes prop\u00f3sitos<\/p>\n\n\n\n<p>Fuente<\/p>\n\n\n\n<p>Uso<\/p>\n\n\n\n<p>email<\/p>\n\n\n\n<p>Se utiliza como un identificador \u00fanico del usuario (nombre de usuario) y el \u00fanico canal de comunicaci\u00f3n entre el recurso y el usuario.<\/p>\n\n\n\n<p>Nombre de Pila<\/p>\n\n\n\n<p>Se usa para identificar a un usuario y crear una factura.<\/p>\n\n\n\n<p>Apellidos<\/p>\n\n\n\n<p>Used to identify a user and create an invoice.<\/p>\n\n\n\n<p>Usuario<\/p>\n\n\n\n<p>Identification of the user for authorization.<\/p>\n\n\n\n<p>Empresa<\/p>\n\n\n\n<p>La entidad legal del usuario (si corresponde) utilizada como prueba para los c\u00e1lculos relacionados con el IVA y la creaci\u00f3n de facturas. Requerido por las autoridades legales.<\/p>\n\n\n\n<p>Direcci\u00f3n Facturaci\u00f3n<\/p>\n\n\n\n<p>Utilizado para crear facturas. Requerido por las autoridades legales.<\/p>\n\n\n\n<p>M\u00e9todos de Pago<\/p>\n\n\n\n<p>M\u00e9todo de pago especificado por el usuario.<\/p>\n\n\n\n<p>Fecha Facturaci\u00f3n<\/p>\n\n\n\n<p>Fecha de compra para la creaci\u00f3n de la factura. Requerido por las autoridades legales.<\/p>\n\n\n\n<p>Producto<\/p>\n\n\n\n<p>Identificador de productos que ha sido comprado por el usuario.<\/p>\n\n\n\n<p>Comentarios<\/p>\n\n\n\n<p>Ser usuario permiso para crear comentarios sobre el contenido publicado.<\/p>\n\n\n\n<p>Publicaciones<\/p>\n\n\n\n<p>Set user permission to create\/manage posts on the side of the resource.<\/p>\n\n\n\n<p>Google Tag Manager<\/p>\n\n\n\n<p>Servicio de terceros para rastrear las actividades del usuario en el recurso. Se usa para estad\u00edsticas agregadas para mejorar la experiencia del usuario en el recurso. (Google Tag Manager cumple con GDPR)<\/p>\n\n\n\n<p>Google Adwords\/Analytics<\/p>\n\n\n\n<p>Servicio de terceros para la gesti\u00f3n de actividades publicitarias relacionadas con el recurso a trav\u00e9s de Google Ads Network<\/p>\n","protected":false},"excerpt":{"rendered":"<p>RESPONSABLEOSCAR CUENCA ROCA FinalidadGestionar el acceso completo a los Servicios, comunicaciones, comerciales o no y actualizaciones de los mismosLegitimaci\u00f3nConsentimiento del interesado\/a.DestinatariosNo hay ninguna cesi\u00f3n de datos, excepto Autoridad u \u00d3rgano Nacional o Internacional Registrantes.DerechosAcceder, rectificar y suprimir los datos, as\u00ed como otros derechos, como se explica en la informaci\u00f3n adicional.Informaci\u00f3n&hellip;<\/p>\n","protected":false},"author":1,"featured_media":0,"parent":0,"menu_order":0,"comment_status":"closed","ping_status":"open","template":"","meta":{"content-type":"","om_disable_all_campaigns":false,"_monsterinsights_skip_tracking":false,"_monsterinsights_sitenote_active":false,"_monsterinsights_sitenote_note":"","_monsterinsights_sitenote_category":0,"footnotes":""},"class_list":["post-524","page","type-page","status-publish","hentry"],"aioseo_notices":[],"_links":{"self":[{"href":"https:\/\/oscarcuencaroca.com\/index.php\/wp-json\/wp\/v2\/pages\/524","targetHints":{"allow":["GET"]}}],"collection":[{"href":"https:\/\/oscarcuencaroca.com\/index.php\/wp-json\/wp\/v2\/pages"}],"about":[{"href":"https:\/\/oscarcuencaroca.com\/index.php\/wp-json\/wp\/v2\/types\/page"}],"author":[{"embeddable":true,"href":"https:\/\/oscarcuencaroca.com\/index.php\/wp-json\/wp\/v2\/users\/1"}],"replies":[{"embeddable":true,"href":"https:\/\/oscarcuencaroca.com\/index.php\/wp-json\/wp\/v2\/comments?post=524"}],"version-history":[{"count":1,"href":"https:\/\/oscarcuencaroca.com\/index.php\/wp-json\/wp\/v2\/pages\/524\/revisions"}],"predecessor-version":[{"id":1016,"href":"https:\/\/oscarcuencaroca.com\/index.php\/wp-json\/wp\/v2\/pages\/524\/revisions\/1016"}],"wp:attachment":[{"href":"https:\/\/oscarcuencaroca.com\/index.php\/wp-json\/wp\/v2\/media?parent=524"}],"curies":[{"name":"wp","href":"https:\/\/api.w.org\/{rel}","templated":true}]}}